{"id":145,"date":"2024-04-23T16:17:14","date_gmt":"2024-04-23T16:17:14","guid":{"rendered":"https:\/\/gigrupofarmaco1996.com\/wp\/?page_id=145"},"modified":"2025-03-18T21:01:12","modified_gmt":"2025-03-18T21:01:12","slug":"contacto","status":"publish","type":"page","link":"https:\/\/gigrupofarmaco1996.com\/wp\/contacto\/","title":{"rendered":"Contacto"},"content":{"rendered":"\n<p class=\"has-black-color has-text-color has-link-color wp-elements-acca33d2b5d13e69fc03c0881be1409b\">\ud83d\udccd\u00a0<strong>Ubicaci\u00f3n:<\/strong>\u00a0Caracas, Venezuela<br>\ud83d\udcde\u00a0<strong>Tel\u00e9fono:<\/strong>\u00a00424-207-05-77<br>\ud83d\udce7\u00a0<strong>Correo Electr\u00f3nico:<\/strong>\u00a0Gigrupofarmaco1996@gmail.com<br>\ud83d\udcbc\u00a0<strong>Atenci\u00f3n a clientes mayoristas y profesionales de la salud<\/strong><\/p>\n\n\n\n<p class=\"has-black-color has-text-color has-link-color wp-elements-22f613a9894a5ae5696836d7f8a44618\">En&nbsp;<strong>Grupo F\u00e1rmaco<\/strong>, estamos comprometidos con ofrecerte productos farmac\u00e9uticos de calidad y un servicio eficiente. Si deseas informaci\u00f3n sobre nuestros medicamentos, cotizaciones o cualquier consulta, no dudes en contactarnos.<\/p>\n\n\n\n<p class=\"has-black-color has-text-color has-link-color wp-elements-6565091aea1b0eb6e69f748133494b82\">\u2705&nbsp;<strong>\u00bfTienes una solicitud espec\u00edfica?<\/strong><br>D\u00e9janos tu mensaje y nuestro equipo se pondr\u00e1 en contacto contigo lo antes posible.<\/p>\n\n\n\n<p class=\"has-black-color has-text-color has-link-color wp-elements-6496e0194c0f1573c8f9484cf0a6abef\">\ud83d\udce9\u00a0<strong>Tambi\u00e9n puedes escribirnos por WhatsApp<\/strong>\u00a0para una respuesta m\u00e1s r\u00e1pida. \ud83d\udc49 <a href=\"https:\/\/api.whatsapp.com\/send?phone=584242070577&amp;text=.\">https:\/\/api.whatsapp.com\/send?phone=584242070577&amp;text=.<\/a><\/p>\n\n\n\n<p class=\"has-black-color has-text-color has-link-color wp-elements-200b35308f913822fd6a5d7d92ebe15f\">\u00a1Estamos aqu\u00ed para atenderte!<\/p>\n\n\n\n<p><\/p>\n","protected":false},"excerpt":{"rendered":"<p>\ud83d\udccd\u00a0Ubicaci\u00f3n:\u00a0Caracas, Venezuela\ud83d\udcde\u00a0Tel\u00e9fono:\u00a00424-207-05-77\ud83d\udce7\u00a0Correo Electr\u00f3nico:\u00a0Gigrupofarmaco1996@gmail.com\ud83d\udcbc\u00a0Atenci\u00f3n a clientes mayoristas y profesionales de la salud En&nbsp;Grupo F\u00e1rmaco, estamos comprometidos con ofrecerte productos farmac\u00e9uticos de calidad y un servicio eficiente. Si deseas informaci\u00f3n sobre nuestros medicamentos, cotizaciones o cualquier consulta, no dudes en contactarnos. \u2705&nbsp;\u00bfTienes una solicitud espec\u00edfica?D\u00e9janos tu mensaje y nuestro equipo se pondr\u00e1 en contacto contigo lo antes [&hellip;]<\/p>\n","protected":false},"author":1,"featured_media":0,"parent":0,"menu_order":0,"comment_status":"closed","ping_status":"closed","template":"","meta":{"footnotes":""},"class_list":["post-145","page","type-page","status-publish","hentry"],"_links":{"self":[{"href":"https:\/\/gigrupofarmaco1996.com\/wp\/wp-json\/wp\/v2\/pages\/145","targetHints":{"allow":["GET"]}}],"collection":[{"href":"https:\/\/gigrupofarmaco1996.com\/wp\/wp-json\/wp\/v2\/pages"}],"about":[{"href":"https:\/\/gigrupofarmaco1996.com\/wp\/wp-json\/wp\/v2\/types\/page"}],"author":[{"embeddable":true,"href":"https:\/\/gigrupofarmaco1996.com\/wp\/wp-json\/wp\/v2\/users\/1"}],"replies":[{"embeddable":true,"href":"https:\/\/gigrupofarmaco1996.com\/wp\/wp-json\/wp\/v2\/comments?post=145"}],"version-history":[{"count":4,"href":"https:\/\/gigrupofarmaco1996.com\/wp\/wp-json\/wp\/v2\/pages\/145\/revisions"}],"predecessor-version":[{"id":230,"href":"https:\/\/gigrupofarmaco1996.com\/wp\/wp-json\/wp\/v2\/pages\/145\/revisions\/230"}],"wp:attachment":[{"href":"https:\/\/gigrupofarmaco1996.com\/wp\/wp-json\/wp\/v2\/media?parent=145"}],"curies":[{"name":"wp","href":"https:\/\/api.w.org\/{rel}","templated":true}]}}